{"id":990,"date":"2023-06-09T09:51:05","date_gmt":"2023-06-09T09:51:05","guid":{"rendered":"https:\/\/anotherstepbrand.com\/about-us\/"},"modified":"2023-07-11T11:18:24","modified_gmt":"2023-07-11T11:18:24","slug":"about-us","status":"publish","type":"page","link":"https:\/\/anotherstepshoes.com\/fr\/about-us\/","title":{"rendered":"About us"},"content":{"rendered":"\t\t<div data-elementor-type=\"wp-page\" data-elementor-id=\"990\" class=\"elementor elementor-990 elementor-78\">\n\t\t\t\t\t\t<section class=\"elementor-section elementor-top-section elementor-element elementor-element-496a728 elementor-section-full_width elementor-section-height-default elementor-section-height-default\" data-id=\"496a728\" data-element_type=\"section\">\n\t\t\t\t\t\t<div class=\"elementor-container elementor-column-gap-no\">\n\t\t\t\t\t<div class=\"elementor-column elementor-col-100 elementor-top-column elementor-element elementor-element-13e444d\" data-id=\"13e444d\" data-element_type=\"column\">\n\t\t\t<div class=\"elementor-widget-wrap elementor-element-populated\">\n\t\t\t\t\t\t<div class=\"elementor-element elementor-element-639bc87 elementor-widget elementor-widget-heading\" data-id=\"639bc87\" data-element_type=\"widget\" data-widget_type=\"heading.default\">\n\t\t\t\t<div class=\"elementor-widget-container\">\n\t\t\t\t\t<h1 class=\"elementor-heading-title elementor-size-default\">NOUS SOMMES LA MARQUE &amp;OTHERSTEP\n\n<\/h1>\t\t\t\t<\/div>\n\t\t\t\t<\/div>\n\t\t\t\t<div class=\"elementor-element elementor-element-63b8e42 elementor-widget-divider--view-line elementor-widget elementor-widget-divider\" data-id=\"63b8e42\" data-element_type=\"widget\" data-widget_type=\"divider.default\">\n\t\t\t\t<div class=\"elementor-widget-container\">\n\t\t\t\t\t\t\t<div class=\"elementor-divider\">\n\t\t\t<span class=\"elementor-divider-separator\">\n\t\t\t\t\t\t<\/span>\n\t\t<\/div>\n\t\t\t\t\t\t<\/div>\n\t\t\t\t<\/div>\n\t\t\t\t\t<\/div>\n\t\t<\/div>\n\t\t\t\t\t<\/div>\n\t\t<\/section>\n\t\t\t\t<section class=\"elementor-section elementor-top-section elementor-element elementor-element-4ec39fe elementor-section-full_width elementor-section-height-default elementor-section-height-default\" data-id=\"4ec39fe\" data-element_type=\"section\">\n\t\t\t\t\t\t<div class=\"elementor-container elementor-column-gap-default\">\n\t\t\t\t\t<div class=\"elementor-column elementor-col-50 elementor-top-column elementor-element elementor-element-61d5770\" data-id=\"61d5770\" data-element_type=\"column\">\n\t\t\t<div class=\"elementor-widget-wrap elementor-element-populated\">\n\t\t\t\t\t\t<div class=\"elementor-element elementor-element-55a633d elementor-widget elementor-widget-image\" data-id=\"55a633d\" data-element_type=\"widget\" data-widget_type=\"image.default\">\n\t\t\t\t<div class=\"elementor-widget-container\">\n\t\t\t\t\t\t\t\t\t\t\t\t\t\t\t<img decoding=\"async\" src=\"https:\/\/anotherstepshoes.com\/wp-content\/uploads\/2023\/07\/chica-con-sombrero-y-sandalias-1.jpg\" title=\"chica-con-sombrero-y-sandalias.jpg\" alt=\"chica-con-sombrero-y-sandalias.jpg\" loading=\"lazy\" \/>\t\t\t\t\t\t\t\t\t\t\t\t\t\t\t<\/div>\n\t\t\t\t<\/div>\n\t\t\t\t\t<\/div>\n\t\t<\/div>\n\t\t\t\t<div class=\"elementor-column elementor-col-50 elementor-top-column elementor-element elementor-element-5804e79\" data-id=\"5804e79\" data-element_type=\"column\">\n\t\t\t<div class=\"elementor-widget-wrap elementor-element-populated\">\n\t\t\t\t\t\t<div class=\"elementor-element elementor-element-096c558 elementor-widget elementor-widget-heading\" data-id=\"096c558\" data-element_type=\"widget\" data-widget_type=\"heading.default\">\n\t\t\t\t<div class=\"elementor-widget-container\">\n\t\t\t\t\t<h2 class=\"elementor-heading-title elementor-size-default\">Notre marque.\n<\/h2>\t\t\t\t<\/div>\n\t\t\t\t<\/div>\n\t\t\t\t<div class=\"elementor-element elementor-element-20e70e7 elementor-widget elementor-widget-text-editor\" data-id=\"20e70e7\" data-element_type=\"widget\" data-widget_type=\"text-editor.default\">\n\t\t\t\t<div class=\"elementor-widget-container\">\n\t\t\t\t\t\t\t\t\t<p>Bienvenue chez &amp;OtherStep, o\u00f9 l&rsquo;arDsanat espagnol rencontre les derni\u00e8res tendances de la mode, offrant des chaussures pour femmes \u00e0 la fois jeunes et amusantes. Gr\u00e2ce \u00e0 notre engagement en faveur de mat\u00e9riaux de qualit\u00e9 et \u00e0 notre connaissance approfondie du secteur, nous nous sommes impos\u00e9s comme une marque dynamique et jeune dans le monde de la chaussure pour femmes<\/p><p>Nous comprenons l&rsquo;importance de rester en t\u00eate dans le paysage de la mode en constante \u00e9voluDon. Notre \u00e9quipe de cr\u00e9ateurs talentueux reste constamment \u00e0 l&rsquo;\u00e9coute du march\u00e9 et veille \u00e0 ce que nos collecDons soient toujours en phase avec les derni\u00e8res tendances<\/p>\t\t\t\t\t\t\t\t<\/div>\n\t\t\t\t<\/div>\n\t\t\t\t<div class=\"elementor-element elementor-element-3343d00 elementor-widget elementor-widget-button\" data-id=\"3343d00\" data-element_type=\"widget\" data-widget_type=\"button.default\">\n\t\t\t\t<div class=\"elementor-widget-container\">\n\t\t\t\t\t\t\t\t\t<div class=\"elementor-button-wrapper\">\n\t\t\t\t\t<a class=\"elementor-button elementor-button-link elementor-size-sm elementor-animation-float\" href=\"https:\/\/anotherstepshoes.com\/es\/lookbook\/\">\n\t\t\t\t\t\t<span class=\"elementor-button-content-wrapper\">\n\t\t\t\t\t\t<span class=\"elementor-button-icon\">\n\t\t\t\t<i aria-hidden=\"true\" class=\" ti-arrow-top-right\"><\/i>\t\t\t<\/span>\n\t\t\t\t\t\t\t\t\t<span class=\"elementor-button-text\">Lookbook<\/span>\n\t\t\t\t\t<\/span>\n\t\t\t\t\t<\/a>\n\t\t\t\t<\/div>\n\t\t\t\t\t\t\t\t<\/div>\n\t\t\t\t<\/div>\n\t\t\t\t\t<\/div>\n\t\t<\/div>\n\t\t\t\t\t<\/div>\n\t\t<\/section>\n\t\t\t\t<section class=\"elementor-section elementor-top-section elementor-element elementor-element-205cb43 elementor-section-full_width elementor-reverse-mobile_extra elementor-section-height-default elementor-section-height-default\" data-id=\"205cb43\" data-element_type=\"section\">\n\t\t\t\t\t\t<div class=\"elementor-container elementor-column-gap-default\">\n\t\t\t\t\t<div class=\"elementor-column elementor-col-50 elementor-top-column elementor-element elementor-element-a5f3178\" data-id=\"a5f3178\" data-element_type=\"column\">\n\t\t\t<div class=\"elementor-widget-wrap elementor-element-populated\">\n\t\t\t\t\t\t<div class=\"elementor-element elementor-element-28be7de elementor-widget elementor-widget-heading\" data-id=\"28be7de\" data-element_type=\"widget\" data-widget_type=\"heading.default\">\n\t\t\t\t<div class=\"elementor-widget-container\">\n\t\t\t\t\t<h2 class=\"elementor-heading-title elementor-size-default\">Chaussures fabriqu\u00e9es en Espagne.\n<\/h2>\t\t\t\t<\/div>\n\t\t\t\t<\/div>\n\t\t\t\t<div class=\"elementor-element elementor-element-58a1f1a elementor-widget elementor-widget-text-editor\" data-id=\"58a1f1a\" data-element_type=\"widget\" data-widget_type=\"text-editor.default\">\n\t\t\t\t<div class=\"elementor-widget-container\">\n\t\t\t\t\t\t\t\t\tNous sommes fiers de notre h\u00e9ritage espagnol et de la riche tradiDon de fabricaDon de \nchaussures qui fait la renomm\u00e9e de notre pays. Nos chaussures sont m\u00e9Dculeusement \nfabriqu\u00e9es par des arDsans qualifi\u00e9s, qui veillent \u00e0 ce que chaque paire refl\u00e8te la \nqualit\u00e9 sup\u00e9rieure et l&rsquo;a[enDon port\u00e9e aux d\u00e9tails qui nous sont chers. Nous ne nous \nprocurons que les meilleurs Dssus, cuirs et composants pour cr\u00e9er des chaussures non \nseulement \u00e9l\u00e9gantes, mais aussi confortables et durables. Notre engagement \u00e0 uDliser \ndes mat\u00e9riaux de haute qualit\u00e9 t\u00e9moigne de notre volont\u00e9 de vous fournir des \nchaussures qui r\u00e9sisteront \u00e0 l&rsquo;\u00e9preuve du temps.\t\t\t\t\t\t\t\t<\/div>\n\t\t\t\t<\/div>\n\t\t\t\t<div class=\"elementor-element elementor-element-06006ab elementor-widget elementor-widget-button\" data-id=\"06006ab\" data-element_type=\"widget\" data-widget_type=\"button.default\">\n\t\t\t\t<div class=\"elementor-widget-container\">\n\t\t\t\t\t\t\t\t\t<div class=\"elementor-button-wrapper\">\n\t\t\t\t\t<a class=\"elementor-button elementor-button-link elementor-size-sm elementor-animation-float\" href=\"https:\/\/anotherstepshoes.com\/es\/contact\/\">\n\t\t\t\t\t\t<span class=\"elementor-button-content-wrapper\">\n\t\t\t\t\t\t<span class=\"elementor-button-icon\">\n\t\t\t\t<i aria-hidden=\"true\" class=\" ti-arrow-top-right\"><\/i>\t\t\t<\/span>\n\t\t\t\t\t\t\t\t\t<span class=\"elementor-button-text\">Contact us<\/span>\n\t\t\t\t\t<\/span>\n\t\t\t\t\t<\/a>\n\t\t\t\t<\/div>\n\t\t\t\t\t\t\t\t<\/div>\n\t\t\t\t<\/div>\n\t\t\t\t\t<\/div>\n\t\t<\/div>\n\t\t\t\t<div class=\"elementor-column elementor-col-50 elementor-top-column elementor-element elementor-element-1f2c428\" data-id=\"1f2c428\" data-element_type=\"column\">\n\t\t\t<div class=\"elementor-widget-wrap elementor-element-populated\">\n\t\t\t\t\t\t<div class=\"elementor-element elementor-element-c5d9c90 elementor-widget elementor-widget-image\" data-id=\"c5d9c90\" data-element_type=\"widget\" data-widget_type=\"image.default\">\n\t\t\t\t<div class=\"elementor-widget-container\">\n\t\t\t\t\t\t\t\t\t\t\t\t\t\t\t<img fetchpriority=\"high\" decoding=\"async\" width=\"800\" height=\"950\" src=\"https:\/\/anotherstepshoes.com\/wp-content\/uploads\/2023\/06\/sandalias-otherstep.jpg\" class=\"attachment-full size-full wp-image-380\" alt=\"\" srcset=\"https:\/\/anotherstepshoes.com\/wp-content\/uploads\/2023\/06\/sandalias-otherstep.jpg 800w, https:\/\/anotherstepshoes.com\/wp-content\/uploads\/2023\/06\/sandalias-otherstep-253x300.jpg 253w, https:\/\/anotherstepshoes.com\/wp-content\/uploads\/2023\/06\/sandalias-otherstep-768x912.jpg 768w\" sizes=\"(max-width: 800px) 100vw, 800px\" \/>\t\t\t\t\t\t\t\t\t\t\t\t\t\t\t<\/div>\n\t\t\t\t<\/div>\n\t\t\t\t\t<\/div>\n\t\t<\/div>\n\t\t\t\t\t<\/div>\n\t\t<\/section>\n\t\t\t\t<section class=\"elementor-section elementor-top-section elementor-element elementor-element-3951968 elementor-section-full_width elementor-section-height-default elementor-section-height-default\" data-id=\"3951968\" data-element_type=\"section\" data-settings=\"{&quot;background_background&quot;:&quot;classic&quot;}\">\n\t\t\t\t\t\t<div class=\"elementor-container elementor-column-gap-default\">\n\t\t\t\t\t<div class=\"elementor-column elementor-col-100 elementor-top-column elementor-element elementor-element-54c2f9e\" data-id=\"54c2f9e\" data-element_type=\"column\">\n\t\t\t<div class=\"elementor-widget-wrap elementor-element-populated\">\n\t\t\t\t\t\t<div class=\"elementor-element elementor-element-7b4cb7f elementor-widget-divider--view-line_icon elementor-view-default elementor-widget-divider--element-align-center elementor-widget elementor-widget-divider\" data-id=\"7b4cb7f\" data-element_type=\"widget\" data-widget_type=\"divider.default\">\n\t\t\t\t<div class=\"elementor-widget-container\">\n\t\t\t\t\t\t\t<div class=\"elementor-divider\">\n\t\t\t<span class=\"elementor-divider-separator\">\n\t\t\t\t\t\t\t<div class=\"elementor-icon elementor-divider__element\">\n\t\t\t\t\t<i aria-hidden=\"true\" class=\"lnr lnr-sun\"><\/i><\/div>\n\t\t\t\t\t\t<\/span>\n\t\t<\/div>\n\t\t\t\t\t\t<\/div>\n\t\t\t\t<\/div>\n\t\t\t\t<div class=\"elementor-element elementor-element-b18bc60 elementor-widget elementor-widget-heading\" data-id=\"b18bc60\" data-element_type=\"widget\" data-widget_type=\"heading.default\">\n\t\t\t\t<div class=\"elementor-widget-container\">\n\t\t\t\t\t<h2 class=\"elementor-heading-title elementor-size-default\">Ce n'est qu'avec ce[e passion et ce d\u00e9vouement que nous pouvons cr\u00e9er des \n collecDons dont nous sommes fiers, saison apr\u00e8s saison.\n\n<\/h2>\t\t\t\t<\/div>\n\t\t\t\t<\/div>\n\t\t\t\t<div class=\"elementor-element elementor-element-5654fe6 elementor-widget-divider--view-line_icon elementor-view-default elementor-widget-divider--element-align-center elementor-widget elementor-widget-divider\" data-id=\"5654fe6\" data-element_type=\"widget\" data-widget_type=\"divider.default\">\n\t\t\t\t<div class=\"elementor-widget-container\">\n\t\t\t\t\t\t\t<div class=\"elementor-divider\">\n\t\t\t<span class=\"elementor-divider-separator\">\n\t\t\t\t\t\t\t<div class=\"elementor-icon elementor-divider__element\">\n\t\t\t\t\t<i aria-hidden=\"true\" class=\"lnr lnr-sun\"><\/i><\/div>\n\t\t\t\t\t\t<\/span>\n\t\t<\/div>\n\t\t\t\t\t\t<\/div>\n\t\t\t\t<\/div>\n\t\t\t\t\t<\/div>\n\t\t<\/div>\n\t\t\t\t\t<\/div>\n\t\t<\/section>\n\t\t\t\t<\/div>\n\t\t","protected":false},"excerpt":{"rendered":"<p>NOUS SOMMES LA MARQUE &#038;OTHERSTEP Notre marque. Bienvenue chez &amp;OtherStep, o\u00f9 l&rsquo;arDsanat espagnol rencontre les derni\u00e8res tendances de la mode, offrant des chaussures pour femmes \u00e0 la fois jeunes et amusantes. Gr\u00e2ce \u00e0 notre engagement en faveur de mat\u00e9riaux de qualit\u00e9 et \u00e0 notre connaissance approfondie du secteur, nous nous sommes impos\u00e9s comme une marque [&hellip;]<\/p>\n","protected":false},"author":1,"featured_media":0,"parent":0,"menu_order":0,"comment_status":"closed","ping_status":"closed","template":"","meta":{"footnotes":""},"class_list":["post-990","page","type-page","status-publish","hentry"],"yoast_head":"<!-- This site is optimized with the Yoast SEO plugin v26.1 - https:\/\/yoast.com\/wordpress\/plugins\/seo\/ -->\n<title>About us - &amp;OtherStep<\/title>\n<meta name=\"robots\" content=\"index, follow, max-snippet:-1, max-image-preview:large, max-video-preview:-1\" \/>\n<link rel=\"canonical\" href=\"https:\/\/anotherstepshoes.com\/fr\/about-us\/\" \/>\n<meta property=\"og:locale\" content=\"fr_FR\" \/>\n<meta property=\"og:type\" content=\"article\" \/>\n<meta property=\"og:title\" content=\"About us - &amp;OtherStep\" \/>\n<meta property=\"og:description\" content=\"NOUS SOMMES LA MARQUE &#038;OTHERSTEP Notre marque. Bienvenue chez &amp;OtherStep, o\u00f9 l&rsquo;arDsanat espagnol rencontre les derni\u00e8res tendances de la mode, offrant des chaussures pour femmes \u00e0 la fois jeunes et amusantes. Gr\u00e2ce \u00e0 notre engagement en faveur de mat\u00e9riaux de qualit\u00e9 et \u00e0 notre connaissance approfondie du secteur, nous nous sommes impos\u00e9s comme une marque [&hellip;]\" \/>\n<meta property=\"og:url\" content=\"https:\/\/anotherstepshoes.com\/fr\/about-us\/\" \/>\n<meta property=\"og:site_name\" content=\"&amp;OtherStep\" \/>\n<meta property=\"article:modified_time\" content=\"2023-07-11T11:18:24+00:00\" \/>\n<meta property=\"og:image\" content=\"http:\/\/anotherstepshoes.com\/wp-content\/uploads\/elementor\/thumbs\/chica-con-sombrero-y-sandalias-1-q995qo6d1l0er083g12h39zpw2qf2w02vewlht6m9s.jpg\" \/>\n<meta name=\"twitter:card\" content=\"summary_large_image\" \/>\n<meta name=\"twitter:label1\" content=\"Dur\u00e9e de lecture estim\u00e9e\" \/>\n\t<meta name=\"twitter:data1\" content=\"1 minute\" \/>\n<script type=\"application\/ld+json\" class=\"yoast-schema-graph\">{\"@context\":\"https:\/\/schema.org\",\"@graph\":[{\"@type\":\"WebPage\",\"@id\":\"https:\/\/anotherstepshoes.com\/fr\/about-us\/\",\"url\":\"https:\/\/anotherstepshoes.com\/fr\/about-us\/\",\"name\":\"About us - &amp;OtherStep\",\"isPartOf\":{\"@id\":\"https:\/\/anotherstepshoes.com\/#website\"},\"primaryImageOfPage\":{\"@id\":\"https:\/\/anotherstepshoes.com\/fr\/about-us\/#primaryimage\"},\"image\":{\"@id\":\"https:\/\/anotherstepshoes.com\/fr\/about-us\/#primaryimage\"},\"thumbnailUrl\":\"http:\/\/anotherstepshoes.com\/wp-content\/uploads\/elementor\/thumbs\/chica-con-sombrero-y-sandalias-1-q995qo6d1l0er083g12h39zpw2qf2w02vewlht6m9s.jpg\",\"datePublished\":\"2023-06-09T09:51:05+00:00\",\"dateModified\":\"2023-07-11T11:18:24+00:00\",\"breadcrumb\":{\"@id\":\"https:\/\/anotherstepshoes.com\/fr\/about-us\/#breadcrumb\"},\"inLanguage\":\"fr-FR\",\"potentialAction\":[{\"@type\":\"ReadAction\",\"target\":[\"https:\/\/anotherstepshoes.com\/fr\/about-us\/\"]}]},{\"@type\":\"ImageObject\",\"inLanguage\":\"fr-FR\",\"@id\":\"https:\/\/anotherstepshoes.com\/fr\/about-us\/#primaryimage\",\"url\":\"http:\/\/anotherstepshoes.com\/wp-content\/uploads\/elementor\/thumbs\/chica-con-sombrero-y-sandalias-1-q995qo6d1l0er083g12h39zpw2qf2w02vewlht6m9s.jpg\",\"contentUrl\":\"http:\/\/anotherstepshoes.com\/wp-content\/uploads\/elementor\/thumbs\/chica-con-sombrero-y-sandalias-1-q995qo6d1l0er083g12h39zpw2qf2w02vewlht6m9s.jpg\"},{\"@type\":\"BreadcrumbList\",\"@id\":\"https:\/\/anotherstepshoes.com\/fr\/about-us\/#breadcrumb\",\"itemListElement\":[{\"@type\":\"ListItem\",\"position\":1,\"name\":\"Home\",\"item\":\"https:\/\/anotherstepshoes.com\/fr\/domicile\/\"},{\"@type\":\"ListItem\",\"position\":2,\"name\":\"About us\"}]},{\"@type\":\"WebSite\",\"@id\":\"https:\/\/anotherstepshoes.com\/#website\",\"url\":\"https:\/\/anotherstepshoes.com\/\",\"name\":\"anotherstepshoes.com\",\"description\":\"Mediterranean shoes\",\"publisher\":{\"@id\":\"https:\/\/anotherstepshoes.com\/#organization\"},\"potentialAction\":[{\"@type\":\"SearchAction\",\"target\":{\"@type\":\"EntryPoint\",\"urlTemplate\":\"https:\/\/anotherstepshoes.com\/?s={search_term_string}\"},\"query-input\":{\"@type\":\"PropertyValueSpecification\",\"valueRequired\":true,\"valueName\":\"search_term_string\"}}],\"inLanguage\":\"fr-FR\"},{\"@type\":\"Organization\",\"@id\":\"https:\/\/anotherstepshoes.com\/#organization\",\"name\":\"another step\",\"url\":\"https:\/\/anotherstepshoes.com\/\",\"logo\":{\"@type\":\"ImageObject\",\"inLanguage\":\"fr-FR\",\"@id\":\"https:\/\/anotherstepshoes.com\/#\/schema\/logo\/image\/\",\"url\":\"https:\/\/anotherstepshoes.com\/wp-content\/uploads\/2023\/06\/logo-otherstep.svg\",\"contentUrl\":\"https:\/\/anotherstepshoes.com\/wp-content\/uploads\/2023\/06\/logo-otherstep.svg\",\"width\":406,\"height\":225,\"caption\":\"another step\"},\"image\":{\"@id\":\"https:\/\/anotherstepshoes.com\/#\/schema\/logo\/image\/\"}}]}<\/script>\n<!-- \/ Yoast SEO plugin. -->","yoast_head_json":{"title":"About us - &amp;OtherStep","robots":{"index":"index","follow":"follow","max-snippet":"max-snippet:-1","max-image-preview":"max-image-preview:large","max-video-preview":"max-video-preview:-1"},"canonical":"https:\/\/anotherstepshoes.com\/fr\/about-us\/","og_locale":"fr_FR","og_type":"article","og_title":"About us - &amp;OtherStep","og_description":"NOUS SOMMES LA MARQUE &#038;OTHERSTEP Notre marque. Bienvenue chez &amp;OtherStep, o\u00f9 l&rsquo;arDsanat espagnol rencontre les derni\u00e8res tendances de la mode, offrant des chaussures pour femmes \u00e0 la fois jeunes et amusantes. Gr\u00e2ce \u00e0 notre engagement en faveur de mat\u00e9riaux de qualit\u00e9 et \u00e0 notre connaissance approfondie du secteur, nous nous sommes impos\u00e9s comme une marque [&hellip;]","og_url":"https:\/\/anotherstepshoes.com\/fr\/about-us\/","og_site_name":"&amp;OtherStep","article_modified_time":"2023-07-11T11:18:24+00:00","og_image":[{"url":"http:\/\/anotherstepshoes.com\/wp-content\/uploads\/elementor\/thumbs\/chica-con-sombrero-y-sandalias-1-q995qo6d1l0er083g12h39zpw2qf2w02vewlht6m9s.jpg","type":"","width":"","height":""}],"twitter_card":"summary_large_image","twitter_misc":{"Dur\u00e9e de lecture estim\u00e9e":"1 minute"},"schema":{"@context":"https:\/\/schema.org","@graph":[{"@type":"WebPage","@id":"https:\/\/anotherstepshoes.com\/fr\/about-us\/","url":"https:\/\/anotherstepshoes.com\/fr\/about-us\/","name":"About us - &amp;OtherStep","isPartOf":{"@id":"https:\/\/anotherstepshoes.com\/#website"},"primaryImageOfPage":{"@id":"https:\/\/anotherstepshoes.com\/fr\/about-us\/#primaryimage"},"image":{"@id":"https:\/\/anotherstepshoes.com\/fr\/about-us\/#primaryimage"},"thumbnailUrl":"http:\/\/anotherstepshoes.com\/wp-content\/uploads\/elementor\/thumbs\/chica-con-sombrero-y-sandalias-1-q995qo6d1l0er083g12h39zpw2qf2w02vewlht6m9s.jpg","datePublished":"2023-06-09T09:51:05+00:00","dateModified":"2023-07-11T11:18:24+00:00","breadcrumb":{"@id":"https:\/\/anotherstepshoes.com\/fr\/about-us\/#breadcrumb"},"inLanguage":"fr-FR","potentialAction":[{"@type":"ReadAction","target":["https:\/\/anotherstepshoes.com\/fr\/about-us\/"]}]},{"@type":"ImageObject","inLanguage":"fr-FR","@id":"https:\/\/anotherstepshoes.com\/fr\/about-us\/#primaryimage","url":"http:\/\/anotherstepshoes.com\/wp-content\/uploads\/elementor\/thumbs\/chica-con-sombrero-y-sandalias-1-q995qo6d1l0er083g12h39zpw2qf2w02vewlht6m9s.jpg","contentUrl":"http:\/\/anotherstepshoes.com\/wp-content\/uploads\/elementor\/thumbs\/chica-con-sombrero-y-sandalias-1-q995qo6d1l0er083g12h39zpw2qf2w02vewlht6m9s.jpg"},{"@type":"BreadcrumbList","@id":"https:\/\/anotherstepshoes.com\/fr\/about-us\/#breadcrumb","itemListElement":[{"@type":"ListItem","position":1,"name":"Home","item":"https:\/\/anotherstepshoes.com\/fr\/domicile\/"},{"@type":"ListItem","position":2,"name":"About us"}]},{"@type":"WebSite","@id":"https:\/\/anotherstepshoes.com\/#website","url":"https:\/\/anotherstepshoes.com\/","name":"anotherstepshoes.com","description":"Mediterranean shoes","publisher":{"@id":"https:\/\/anotherstepshoes.com\/#organization"},"potentialAction":[{"@type":"SearchAction","target":{"@type":"EntryPoint","urlTemplate":"https:\/\/anotherstepshoes.com\/?s={search_term_string}"},"query-input":{"@type":"PropertyValueSpecification","valueRequired":true,"valueName":"search_term_string"}}],"inLanguage":"fr-FR"},{"@type":"Organization","@id":"https:\/\/anotherstepshoes.com\/#organization","name":"another step","url":"https:\/\/anotherstepshoes.com\/","logo":{"@type":"ImageObject","inLanguage":"fr-FR","@id":"https:\/\/anotherstepshoes.com\/#\/schema\/logo\/image\/","url":"https:\/\/anotherstepshoes.com\/wp-content\/uploads\/2023\/06\/logo-otherstep.svg","contentUrl":"https:\/\/anotherstepshoes.com\/wp-content\/uploads\/2023\/06\/logo-otherstep.svg","width":406,"height":225,"caption":"another step"},"image":{"@id":"https:\/\/anotherstepshoes.com\/#\/schema\/logo\/image\/"}}]}},"jetpack_sharing_enabled":true,"_links":{"self":[{"href":"https:\/\/anotherstepshoes.com\/fr\/wp-json\/wp\/v2\/pages\/990","targetHints":{"allow":["GET"]}}],"collection":[{"href":"https:\/\/anotherstepshoes.com\/fr\/wp-json\/wp\/v2\/pages"}],"about":[{"href":"https:\/\/anotherstepshoes.com\/fr\/wp-json\/wp\/v2\/types\/page"}],"author":[{"embeddable":true,"href":"https:\/\/anotherstepshoes.com\/fr\/wp-json\/wp\/v2\/users\/1"}],"replies":[{"embeddable":true,"href":"https:\/\/anotherstepshoes.com\/fr\/wp-json\/wp\/v2\/comments?post=990"}],"version-history":[{"count":10,"href":"https:\/\/anotherstepshoes.com\/fr\/wp-json\/wp\/v2\/pages\/990\/revisions"}],"predecessor-version":[{"id":1413,"href":"https:\/\/anotherstepshoes.com\/fr\/wp-json\/wp\/v2\/pages\/990\/revisions\/1413"}],"wp:attachment":[{"href":"https:\/\/anotherstepshoes.com\/fr\/wp-json\/wp\/v2\/media?parent=990"}],"curies":[{"name":"wp","href":"https:\/\/api.w.org\/{rel}","templated":true}]}}